{"id":125,"date":"2021-07-13T02:13:22","date_gmt":"2021-07-13T00:13:22","guid":{"rendered":"https:\/\/astralisescuela.com\/?page_id=125"},"modified":"2023-09-10T11:30:07","modified_gmt":"2023-09-10T09:30:07","slug":"opiniones-de-alumnos","status":"publish","type":"page","link":"https:\/\/astralisescuela.com\/?page_id=125","title":{"rendered":"Opiniones de Alumnos"},"content":{"rendered":"\n<p>Esta rese\u00f1a va especialmente para Manu, al cual quiero expresarle mi m\u00e1s profundo agradecimiento, tanto por tu amabilidad, como por t\u00fa sapiencia, buen humor e incre\u00edble sentido de la solidaridad humana pero sobre todo por toda la experiencia compartida, eres un Maestro y has sido mi gu\u00eda en este reci\u00e9n Universo Astral que se ha abierto para no cerrarse nunca m\u00e1s !!. Gracias a tus lecciones f\u00e1ciles y din\u00e1micas, siento que me has regalado una nueva forma de \u00abvivir\u00bb a trav\u00e9s de mis sue\u00f1os conscientes. Estoy viviendo experiencias preciosas, he visto colores que jam\u00e1s mis ojos materiales podr\u00edan percibir, he sentido el Universo respirar conmigo y por fin sentirme parte de un Todo, soy muy afortunada de conocerte a trav\u00e9s de tu curso, porque me has ense\u00f1ado a reconocerme y reencontrarme a trav\u00e9s de mis sue\u00f1os en el Astral, pero lo mejor que me has ense\u00f1ado es a tener la potestad de poseer el control sobre los mismos. Tengo tanto que agradecerte Manu, de verdad gracias por ayudarme y ayudar a tantos que como yo, tenemos el alma inquieta de conocimiento y nuevas aventuras. Hace 2 meses, no me habr\u00eda imaginado como cambiaria mi vida gracias al poder de la sabidur\u00eda infinita del Astral, ese m\u00e1gico espacio totalmente atemporal que est\u00e1 all\u00ed silente esper\u00e1ndonos a todos con los brazos abiertos, para regalarnos los secretos del Universo con total y absoluta generosidad. Lo mas interesante que aprend\u00ed es que \u00abEl viaje es hacia adentro\u00bb y es la aventura m\u00e1s incre\u00edble que podremos jam\u00e1s experimentar. Gracias a todo el fant\u00e1stico grupo, me ha encantado conocer personas tan Maravillosas y con tanta empat\u00eda, a todos y por supuesto a ti Manu, os env\u00edo un gran abrazo lleno de este sentimiento tan poderoso llamado Gratitud.<\/p>\n\n\n\n<p> Con cari\u00f1o Lita (Teruel) Curso online Marzo 2021<\/p>\n\n\n\n<hr class=\"wp-block-separator has-css-opacity\"\/>\n\n\n\n<p><\/p>\n\n\n\n<p>Debo decir que este curso me ha supuesto un antes y un despu\u00e9s. Manu ense\u00f1a de una forma amena, sin misticismos y secretos. Para los que llevamos a\u00f1os intentando dominar este arte sin \u00e9xito, tener un m\u00e9todo sencillo y unas pautas adecuadas es muy importante y este m\u00e9todo te ofrece una introducci\u00f3n y luego una inmersi\u00f3n en el fen\u00f3meno bastante gratificante. Llevaba tiempo metido en un callej\u00f3n sin salida con el tema del viaje astral \/ sue\u00f1os lucidos y ahora ya he tenido en el plazo de un mes tres experiencias. Recomiendo encarecidamente este curso, sobre todo a los que se toman estas cosas con la visi\u00f3n y la naturalidad de un ni\u00f1o, con un esp\u00edritu de juego y curiosidad infantil que son los que siguen el \u00e9xito si todo esto se conjuga con un entrenamiento perseverante y constante en el tiempo. Gracias Manu por tu dedicaci\u00f3n.<\/p>\n\n\n\n<p>Miguel \u00c1ngel (Madrid) Curso online Marzo 2021<\/p>\n\n\n\n<hr class=\"wp-block-separator has-css-opacity\"\/>\n\n\n\n<p class=\"has-normal-font-size\"><em>Este curso fue exactamente lo que necesitaba y mucho m\u00e1s de lo que esperaba.&nbsp;<\/em><\/p>\n\n\n\n<p class=\"has-normal-font-size\"><em>Todos los procesos explicados a detalle. Me gusta que las t\u00e9cnicas sean f\u00e1ciles de aplicar, soy de estos que piensan que cuanto m\u00e1s simple mejor.&nbsp;&nbsp;<\/em><\/p>\n\n\n\n<p class=\"has-normal-font-size\"><em>Se me ha quitado el miedo al astral, ahora en lugar de miedo tengo informaci\u00f3n y sabidur\u00eda.<\/em><\/p>\n\n\n\n<p class=\"has-normal-font-size\"><em>Muchas gracias Manuel.&nbsp;<\/em><\/p>\n\n\n\n<p class=\"has-normal-font-size\"><em>Me alegro que hayas decidido compartir tu gran experiencia en forma de curso.<\/em><br><br><em>Mariusz Wajda<\/em> (Murcia) Curso online marzo 2021<\/p>\n\n\n\n<p><\/p>\n\n\n\n<p><\/p>\n\n\n\n<hr class=\"wp-block-separator has-css-opacity\"\/>\n\n\n\n<p>El curso que hice sobre viajes astrales con la escuela Astralis me result\u00f3 muy \u00fatil para conseguir mi objetivo de realizar un viaje astral. Lo recomiendo.<\/p>\n\n\n\n<p>Mar\u00eda (La Coru\u00f1a) Curso online Febrero 2021 <\/p>\n\n\n\n<p><\/p>\n\n\n\n<p><\/p>\n\n\n\n<p>El curso de manuel ha sido una bocanada de aire fresco, nuevo y energizante. Estaba muy saturada de informaci\u00f3n y sin nada de motivaci\u00f3n en el mundo onirico y \u00e9l nos proporcion\u00f3 informaci\u00f3n novedosa, profunda y muy \u00fatil para aplicar a los sue\u00f1os. Con su sencillez y humildad hace que las ense\u00f1anzas sean muy amenas. El ambiente del curso fue muy familiar y se creo una energ\u00eda grupal m\u00e1gica de gran dimensi\u00f3n. Gracias Manuel por ense\u00f1arme a emocionarme de nuevo y a no olvidarme a ser ni\u00f1a nunca!!!<\/p>\n\n\n\n<p>Soledad (Argentina)<\/p>\n\n\n\n<p><\/p>\n\n\n\n<p>Manu no tengo palabras para agradecer tu generosidad, el curso ha sido interesante, ameno, divertido y lleno de curiosidades. La conexi\u00f3n que hemos vivido en el grupo no hubiese sido posible sin ti.<\/p>\n\n\n\n<p><\/p>\n\n\n\n<p>Tamara (Espa\u00f1a)<\/p>\n\n\n\n<p><\/p>\n\n\n\n<p>Este curso es un tesoro que siempre me acompa\u00f1ar\u00e1. Llegu\u00e9 con bloqueos y temores, que gracias a las t\u00e9cnicas y el mensaje impl\u00edcito y expl\u00edcito que transmite Manu, se disipan y siento una gran convicci\u00f3n de que estoy en el camino de la liberaci\u00f3n para explorar esos mundos, que nos muestran como ajenos, pero es el nuestro. El de todos. Ac\u00e9rcate con predisposici\u00f3n y la magia se har\u00e1. De coraz\u00f3n recomiendo hacer el curso. \u00a1\u00c1nimo!<\/p>\n\n\n\n<p><\/p>\n\n\n\n<p>Carolina (Murcia, Espa\u00f1a)<\/p>\n\n\n\n<p><\/p>\n\n\n\n<p>Si te est\u00e1s pensando hacer el curso t\u00edrate de cabeza ese es el curso que buscabas, lo digo no solamente porque el profe es una gran persona, generoso, transparente, muy claro, siempre a la escucha, que se preocupa por aclararte todas tus dudas, y que te lo cuenta todo con un entusiasmo contagioso, si no tambi\u00e9n porque obtuve resultados, si si, yo la que sab\u00eda muy muy poquito de los viajes astrales y sue\u00f1os l\u00facidos, la que nunca hab\u00eda estado en un sue\u00f1o l\u00facido tan consciente gracias a las indicaciones de Manu; la que obtuvo llave auditiva y iba salir si no fuera por mi perrita que me despert\u00f3, yo a quien se me presento una puerta en forma de espejo pero le puse mente. Jam\u00e1s pens\u00e9 vivir ese tipo de experiencias durante este curso y todo eso gracias a los ejercicios, las explicaciones, los apuntes de Manu y tambi\u00e9n al grupo que con esa bonita energ\u00eda hizo que hubiera unas experiencias incre\u00edbles. Que pena que acabara!!!! Gracias Manu por poner nombre y explicaciones a las cosas que me ocurr\u00edan.<\/p>\n\n\n\n<p><\/p>\n\n\n\n<p>Sandrine (Murcia, Espa\u00f1a)<\/p>\n\n\n\n<p><\/p>\n\n\n\n<p>mi opini\u00f3n sobre este curso, es que ha sido magnifico, de gran inter\u00e9s para cualquier persona que desee adentrarse en el mundo on\u00edrico&#8230;donde se ha repasado y se ha ampliado el conocimiento, con respecto a este tema.Nuestro instructor Manu no solo se nota que es un entendido de los viajes astrales, sino que de verdad lo vive y le entusiasma lo que hace, cosa que nos ha trasmitido. Mi agradecimiento es infinito, por tan brillante y magistral curso, gracias tambien a los compa\u00f1eros que con sus experiencias nos han aportado mucha sabidur\u00eda y al final se ha echo como una peque\u00f1a familia&#8230;. Gracias por tanto MANU<\/p>\n\n\n\n<p><\/p>\n\n\n\n<p>Teresa Molina (Murcia)<\/p>\n\n\n\n<p><\/p>\n\n\n\n<p>\u00bb Hola a todos los interesados en el tema de sue\u00f1os lucidos y viajes astrales, para empezar , deciros que hay mucha m\u00e1s gente de lo que parece con esta inquietud, el problema es que hay demasiada informaci\u00f3n , eso no es malo, por supuesto que no, lo malo es que no siempre es una buena informaci\u00f3n, la mayor\u00eda de las veces , esa informaci\u00f3n es confusa y mete mucho miedo, haciendo que esa inquietud se desvanezca y se te quiten las ganas de intentarlo. Despu\u00e9s de 2 a\u00f1os investigando sobre el tema y con muchos m\u00e1s miedos que al principio, di con la Escuela de Astralis Viajes Astrales, al principio era reacia , no quer\u00eda m\u00e1s miedos ni enga\u00f1os; pero al final me decid\u00ed a apuntarme al curso. La primera impresi\u00f3n con una entrevista personal fue bastante buena, aun as\u00ed, segu\u00eda un poco reacia; pero me decid\u00ed a hacer el curso. \u00c9ramos un grupo de unos 28 so\u00f1adores inquietos, la primera clase fue muy alentadora, Manu, el director empez\u00f3 con una clase muy din\u00e1mica, dando buena informaci\u00f3n y dejando expresar nuestras inquietudes y miedos y \u00e9l, con mucha paciencia ir despejando muchas dudas . Poco a poco iba transcurriendo el curso y esos miedos se iban diluyendo, una muy buena informaci\u00f3n de una persona con mucha experiencia en el tema es importansimo a la hora de decidirte a practicar. Tambi\u00e9n la ayuda de los compa\u00f1eros, seres humanos muy bellos, es fundamental, sus experiencias y como enfrentar retos. Recomiendo este curso a la gente que tenga inquietud por salir al astral , he buscado mucha gente que al final te confunde y te hace dudar, pero en Astralis, Manu te ayuda mucho a quitar esos miedos y muchas t\u00e9cnicas para lograr salir, ya depende de tu trabajo el poder llevarlo acabo con \u00e9xito.<\/p>\n\n\n\n<p><\/p>\n\n\n\n<p>Marta (Lorca, Espa\u00f1a)<\/p>\n\n\n\n<p><\/p>\n\n\n\n<p>Buenas tardes Manu!! , Antes de nada quiero agradecerte la enorme generosidad al ofrecer tu tiempo y esfuerzo en esta maravillosa experiencia que has hecho posible. Gracias y mil gracias. Nos pides que valoremos el curso y mi nota es de 10. Tanto por los temas tratados como por las herramientas aportadas que sin duda seguir\u00e9 utilizando. Pero no s\u00f3lo por eso, me ha parecido excepcional tu val\u00eda como comunicador que no ha dejado de contar experiencias, siempre interesantes, para ilustrar mejor lo tratado. Cabe se\u00f1alar tambi\u00e9n que este curso nos ha hecho sentir a todos como una comunidad de amigos donde ha reinado la cordialidad y la apreciaci\u00f3n mutua. En resumen ha sido un honor el conocerte y un privilegio el haber participado.<\/p>\n\n\n\n<p><\/p>\n\n\n\n<p>Miguel Rey (Espa\u00f1a)<\/p>\n\n\n\n<p><\/p>\n\n\n\n<p>Me siento afortunada por haber estado contigo y el grupo compartiendo una materia que tanto nos fascina!!! Gracias por haberme invitado a tu curso! Sin duda hay mucho por descubrir y sobre todo de buscar quienes somos realmente y los sue\u00f1os nos dan las pistas para profundizar en nuestro propio interior!!! Gracias por tu generosidad!<\/p>\n\n\n\n<p><\/p>\n\n\n\n<p>Dalia (Huesca)<\/p>\n\n\n\n<p><\/p>\n\n\n\n<p>Me ha parecido un curso muy completo. Te hace ver m\u00e1s all\u00e1 de lo que podemos creer. No se centra s\u00f3lo en c\u00f3mo obtener la salida que todos buscamos sino tambi\u00e9n en c\u00f3mo cargarnos de energ\u00eda para poder llegar a ella (para mi lo m\u00e1s importante), t\u00e9cnicas novedosas, como conseguir ampliar la experiencia all\u00ed, como cambiar de escenarios, c\u00f3mo crear los tuyos propios, c\u00f3mo movernos, comunicarnos\u2026. Conclusi\u00f3n me ha encantado. He podido tener salidas y poner en pr\u00e1ctica sus ense\u00f1anzas y es incre\u00edble. Manu es una persona encantadora que ense\u00f1a jugando (important\u00edsimo), con una experiencia de toda una vida en el astral. Ha sido un placer conocerte y que formes parte de este camino tan maravilloso.<\/p>\n\n\n\n<p><\/p>\n\n\n\n<p>David (Donosti)<\/p>\n\n\n\n<p><\/p>\n\n\n\n<p>Este curso para m\u00ed ha sido una gran oportunidad para poner en orden las experiencias on\u00edricas que me han pasado a lo largo de mi vida que tampoco han sido muchas pero al menos ya se c\u00f3mo ubicarlas y lo m\u00e1s importante, como hacer para poder provocrlas de forma f\u00e1cil, sencilla y amena y sobre todo sin miedo. Nunca pens\u00e9 en hacer un curso as\u00ed pero aprovech\u00e9 la ocasi\u00f3n en cuanto se me ofreci\u00f3 y estoy s\u00faper agradecida de que haya sido en esta escuela, con este gran instructor y con los compa\u00f1eros que he coincidido ya que no pod\u00edan haber sido mejores. Gracias Manu, gracias compa\u00f1eros<\/p>\n\n\n\n<p><\/p>\n\n\n\n<p>Laly (Alicante)<\/p>\n\n\n\n<p><\/p>\n\n\n\n<p>Este curso ha sido de las mejores cosas que han pasado por mi vida, con la pr\u00e1ctica de los ejercicios que ense\u00f1a Manu, me llev\u00f3 muy r\u00e1pido a experimentar sue\u00f1os l\u00facidos y viajes astrales mucho m\u00e1s seguidos. Adem\u00e1s la calidad de persona que es Manu, con gran carisma, aparte de su gran conocimiento; complementan uno de los mejores cursos de viajes astrales!<\/p>\n\n\n\n<p><\/p>\n\n\n\n<p>Sergio (Manizales, Colombia)<\/p>\n\n\n\n<p><\/p>\n\n\n\n<p>creo que no soy muy expresiva al principio, pero es imposible callar lo grande que fue recibir tu curso y aprender todo lo que me ense\u00f1aste Tienes yna gran capacidad de comunicaci\u00f3n, te haces entender perfectamente y la sencillez y la calidez con la que compartiste tu conocimiento fue para m\u00ed de las mejores cosas que he recibido Estoy muy muy agradecida contigo, \u00e9ste curso para m\u00ed fue revelador, fue liberador y aunque soy principiante, \u00e9sto me da fuerza para continuar aprendiendo cada d\u00eda m\u00e1s<\/p>\n\n\n\n<p><\/p>\n\n\n\n<p>Yoli (Medell\u00edn, Colombia)<\/p>\n\n\n\n<p><\/p>\n\n\n\n<p>El curso de viajes astrales y sue\u00f1os l\u00facidos con Manuel Paterna ha abierto posibilidades insospechadas Ha promovido en el grupo unas conexiones incre\u00edbles, un movimiento de energ\u00eda brutal Impartido desde el coraz\u00f3n, y atendiendo a las emociones, nos ha hecho viajar al inconsciente de una manera amable y profunda a la vez , d\u00e1ndonos cuenta que estamos en un proceso, que no hay atajos a la consciencia, al menos as\u00ed lo he vivido yo. He adoptado unas formas de hacer que se quedan conmigo, que realmente est\u00e1n funcionando, aunque reconozco que me queda mucho trabajo por hacer, esto no lo puede hacer nadie m\u00e1s que uno mismo. Esto es solo el comienzo de un camino hacia el auto conocimiento. Gracias por empujarnos a hacer el trabajo necesario, gracias por tu dedicaci\u00f3n y honestidad Manu<\/p>\n\n\n\n<p><\/p>\n\n\n\n<p>Laura (J\u00e1vea, Alicante)<\/p>\n\n\n\n<p>Un curso muy completo y Enriquecedor, con muchas t\u00e9cnicas que se pueden experimentar para viajar en el mundo Astral y as\u00ed descubrir nuevos mundos y lugares. Sin lugar a dudas un curso diferente a los que suelen ver.. y un curso que vale para ponerlo en pr\u00e1ctica para toda la vida. Gracias Manu por este Regalo que nos has dado a conocer.. Un fuerte Abrazo y nos vemos en el Astral.<\/p>\n\n\n\n<p><\/p>\n\n\n\n<p>Fran (Espa\u00f1a)<\/p>\n\n\n\n<p><\/p>\n\n\n\n<p>Gracias Manu por el curso. Eres un gran gu\u00eda y maestro de los sue\u00f1os l\u00facidos y viaje astral. Me encanta tu sencillez al explicar y sobre todo tu generosidad con toda tu informaci\u00f3n que nos regalas. Tu gran experiencia en el astral, genera la tranquilidad y confianza que se necesita, para experimentar sin miedo el plano astral. Es m\u00e1gica la conexi\u00f3n que se forma en el grupo. Suceden cosas, durante el curso y despu\u00e9s, se mueve mucha energ\u00eda. Se me ha hecho corto y muy ameno. Volveria a repetir siempre. Mil gracias!!!<\/p>\n\n\n\n<p><\/p>\n\n\n\n<p>Nando (Madrid)<\/p>\n\n\n\n<p><\/p>\n\n\n\n<p><\/p>\n\n\n\n<p><\/p>\n\n\n\n<p><\/p>\n\n\n\n<p><\/p>\n\n\n\n<p><\/p>\n","protected":false},"excerpt":{"rendered":"<p>Esta rese\u00f1a va especialmente para Manu, al cual quiero expresarle mi m\u00e1s profundo agradecimiento, tanto por tu amabilidad, como por t\u00fa sapiencia, buen humor e incre\u00edble sentido de la solidaridad humana pero sobre todo por toda la experiencia compartida, eres un Maestro y has sido mi gu\u00eda en este reci\u00e9n Universo Astral que se ha &hellip; <\/p>\n<p class=\"link-more\"><a href=\"https:\/\/astralisescuela.com\/?page_id=125\" class=\"more-link\">Continuar leyendo<span class=\"screen-reader-text\"> \u00abOpiniones de Alumnos\u00bb<\/span><\/a><\/p>\n","protected":false},"author":1,"featured_media":64,"parent":0,"menu_order":0,"comment_status":"closed","ping_status":"closed","template":"","meta":{"om_disable_all_campaigns":false,"_monsterinsights_skip_tracking":false,"_monsterinsights_sitenote_active":false,"_monsterinsights_sitenote_note":"","_monsterinsights_sitenote_category":0,"footnotes":""},"class_list":["post-125","page","type-page","status-publish","has-post-thumbnail","hentry"],"aioseo_notices":[],"_links":{"self":[{"href":"https:\/\/astralisescuela.com\/index.php?rest_route=\/wp\/v2\/pages\/125","targetHints":{"allow":["GET"]}}],"collection":[{"href":"https:\/\/astralisescuela.com\/index.php?rest_route=\/wp\/v2\/pages"}],"about":[{"href":"https:\/\/astralisescuela.com\/index.php?rest_route=\/wp\/v2\/types\/page"}],"author":[{"embeddable":true,"href":"https:\/\/astralisescuela.com\/index.php?rest_route=\/wp\/v2\/users\/1"}],"replies":[{"embeddable":true,"href":"https:\/\/astralisescuela.com\/index.php?rest_route=%2Fwp%2Fv2%2Fcomments&post=125"}],"version-history":[{"count":2,"href":"https:\/\/astralisescuela.com\/index.php?rest_route=\/wp\/v2\/pages\/125\/revisions"}],"predecessor-version":[{"id":190,"href":"https:\/\/astralisescuela.com\/index.php?rest_route=\/wp\/v2\/pages\/125\/revisions\/190"}],"wp:featuredmedia":[{"embeddable":true,"href":"https:\/\/astralisescuela.com\/index.php?rest_route=\/wp\/v2\/media\/64"}],"wp:attachment":[{"href":"https:\/\/astralisescuela.com\/index.php?rest_route=%2Fwp%2Fv2%2Fmedia&parent=125"}],"curies":[{"name":"wp","href":"https:\/\/api.w.org\/{rel}","templated":true}]}}