{"id":134,"date":"2021-07-13T17:09:18","date_gmt":"2021-07-13T15:09:18","guid":{"rendered":"https:\/\/astralisescuela.com\/?page_id=134"},"modified":"2023-09-10T11:42:50","modified_gmt":"2023-09-10T09:42:50","slug":"cursos-online","status":"publish","type":"page","link":"https:\/\/astralisescuela.com\/?page_id=134","title":{"rendered":"Cursos Online"},"content":{"rendered":"\n<h1 class=\"wp-block-heading\">CURSOS VIAJES ASTRALES ON-LINE<\/h1>\n\n\n\n<p><\/p>\n\n\n\n<p>En la  escuela Astralis de viajes astrales os brindamos la posibilidad de acceder a los cursos desde vuestra casa para que empec\u00e9is a adquirir los conocimientos te\u00f3ricos y pr\u00e1cticos que os permitan salir al mundo Astral con plena confianza y garant\u00edas<\/p>\n\n\n\n<p>Los cursos tendr\u00e1n una duraci\u00f3n de un mes completo, se impartir\u00e1n dos clases semanales de 2 horas de duraci\u00f3n (Lunes y Jueves) durante las cuatro semanas de cada mes.<\/p>\n\n\n\n<p>Posteriormente al curso habr\u00e1 una clase a la semana de seguimiento (los Mi\u00e9rcoles) para comprobar los resultados y avances, adem\u00e1s podr\u00e9is recibir consejos y se responder\u00e1n todas vuestras dudas.<\/p>\n\n\n\n<p>Las clases se dar\u00e1n en directo por streaming en la plataforma Google Meet o similar<\/p>\n\n\n\n<p>Material Necesario:<\/p>\n\n\n\n<ul class=\"wp-block-list\">\n<li>Entrevista previa v\u00eda video conferencia con Manu<\/li>\n\n\n\n<li>C\u00e1mara web con sonido y audio activados<\/li>\n\n\n\n<li>Auriculares, si son tipo diadema mucho mejor y con un cable lo suficientemente largo como para poder escuchar tumbados<\/li>\n\n\n\n<li>Un lugar cercano donde poder tumbarnos completamente, si no fuera posible una silla o sill\u00f3n c\u00f3modos para hacer los ejercicios de relajaci\u00f3n<\/li>\n\n\n\n<li>Una libreta para tomar notas<\/li>\n\n\n\n<li>Tener una cuenta abierta en la app Telegram para entrar en el grupo especial del curso<\/li>\n\n\n\n<li>A la finalizaci\u00f3n del curso se entregar\u00e1 un archivo en formato gu\u00eda y resumen con todos los temas vistos<\/li>\n\n\n\n<li>Mente abierta y muchas ganas de descubrir cosas nuevas y sorprendentes<\/li>\n<\/ul>\n\n\n\n<p><\/p>\n\n\n\n<ul class=\"wp-block-list\">\n<li><strong><em>Calendario de los cursos<\/em><\/strong><\/li>\n\n\n\n<li>Los cursos se har\u00e1n una o dos veces al a\u00f1o, consultar disponibilidad <\/li>\n\n\n\n<li>Los d\u00edas de clase ser\u00e1n los lunes y Jueves (2 horas)<\/li>\n\n\n\n<li>El n\u00famero de alumnos por curso ser\u00e1 limitado, para poder ofrecer mejor atenci\u00f3n a un grupo reducido y ver las caracter\u00edsticas de cada alumno y su nivel<\/li>\n\n\n\n<li>Los horarios de las clases ser\u00e1n de 19:00 a 21:00h (horario de Espa\u00f1a) <\/li>\n<\/ul>\n\n\n\n<ul class=\"wp-block-list\">\n<li><strong>Qu\u00e9 vamos a ver:<\/strong><\/li>\n\n\n\n<li>Energ\u00edas, qu\u00e9 son, c\u00f3mo identificarlas<\/li>\n\n\n\n<li>Energ\u00eda oculta<\/li>\n\n\n\n<li>Las emociones y su importancia<\/li>\n\n\n\n<li>T\u00e9cnicas energ\u00e9ticas sonidos y emociones<\/li>\n\n\n\n<li>La magia del 3,6 y 9 y Tesla<\/li>\n\n\n\n<li>T\u00e9cnicas de meditaci\u00f3n \u201cEl ni\u00f1o\u201d<\/li>\n\n\n\n<li>Tu poder es tuyo<\/li>\n\n\n\n<li>T\u00e9cnicas programaci\u00f3n, antes de y durante el sue\u00f1o<\/li>\n\n\n\n<li>Identificaci\u00f3n de signos astrales<\/li>\n\n\n\n<li>Reconocimiento cuerpo astral<\/li>\n\n\n\n<li>Recuperaci\u00f3n veh\u00edculo astral (ni\u00f1ez)<\/li>\n\n\n\n<li>T\u00e9cnicas de salida\/entrada<\/li>\n\n\n\n<li>T\u00e9cnicas de estabilizaci\u00f3n y desplazamiento corto alcance<\/li>\n\n\n\n<li>T\u00e9cnicas de desplazamiento largo alcance espacio\/tiempo<\/li>\n\n\n\n<li>T\u00e9cnicas de elevar la conciencia y vibraci\u00f3n el Ki<\/li>\n\n\n\n<li>Los grupos familiares (resoluci\u00f3n problemas)<\/li>\n\n\n\n<li>Los pueblos so\u00f1adores<\/li>\n\n\n\n<li>Diferentes memorias y acceso a las mismas<\/li>\n\n\n\n<li>Universos paralelos y nuestras vidas paralelas<\/li>\n\n\n\n<li>Presente, pasado y futuro (t\u00e9cnicas profundas)<\/li>\n\n\n\n<li>Creaci\u00f3n de lugares propios<\/li>\n\n\n\n<li>Lugares ajenos<\/li>\n\n\n\n<li>Alto astral\/bajo Astral<\/li>\n\n\n\n<li>La comunicaci\u00f3n en el astral<\/li>\n\n\n\n<li>Pr\u00e1cticas de comunicaci\u00f3n<\/li>\n\n\n\n<li>El arte y su importancia<\/li>\n\n\n\n<li>El mundo de las ideas<\/li>\n\n\n\n<li>Vamos de pesca<\/li>\n\n\n\n<li>\u00bfA qui\u00e9n entregamos nuestro poder?<\/li>\n\n\n\n<li>Gu\u00edas y compa\u00f1eros astrales<\/li>\n<\/ul>\n\n\n\n<h1 class=\"wp-block-heading\">Reservas de plazas<\/h1>\n\n\n\n<p>La reserva de plaza para el curso se har\u00e1 v\u00eda correo electr\u00f3nico indicando:<\/p>\n\n\n\n<ul class=\"wp-block-list\">\n<li>Nombre completo<\/li>\n\n\n\n<li>Direcci\u00f3n de correo<\/li>\n\n\n\n<li>N\u00famero de tel\u00e9fono<\/li>\n<\/ul>\n\n\n\n<h2 class=\"wp-block-heading\">Precio de los cursos y requisitos<\/h2>\n\n\n\n<p>Los cursos son totalmente gratuitos para ello es necesario:<\/p>\n\n\n\n<ul class=\"wp-block-list\">\n<li>Hacer una entrevista de selecci\u00f3n previa con Manu donde se valorar\u00e1 tus aptitudes, conocimientos y motivaciones <\/li>\n\n\n\n<li>Haber tenido ciertas experiencias en la vida como desdoblamientos (voluntarios o involuntarios), par\u00e1lisis del sue\u00f1o, sensaciones extra\u00f1as entre la vigilia y el sue\u00f1o (o\u00edr cosas que no est\u00e1n en el plano f\u00edsico) tener sensaciones t\u00e1ctiles y o visuales.<\/li>\n\n\n\n<li><strong>El viaje astral no es para todo el mundo,<\/strong> hay personas que no lo consiguen aun despu\u00e9s de haber estudiado a conciencia el tema y practicado mucho. Si no has tenido ninguna de las experiencias anteriores quiz\u00e1 no sea \u00e9ste tu campo de experimentaci\u00f3n<\/li>\n\n\n\n<li>Si por el contario has tenido ese tipo de sensaciones raras que se dan entre la vigilia y el sue\u00f1o, te han asustado, alterado o dejado perplejo \u00e9ste es tu curso. Te podemos ayudar a  que sepas qu\u00e9 es lo que te est\u00e1 pasando y puedas cambiar el enfoque de algo negativo a algo positivo.<\/li>\n<\/ul>\n","protected":false},"excerpt":{"rendered":"<p>CURSOS VIAJES ASTRALES ON-LINE En la escuela Astralis de viajes astrales os brindamos la posibilidad de acceder a los cursos desde vuestra casa para que empec\u00e9is a adquirir los conocimientos te\u00f3ricos y pr\u00e1cticos que os permitan salir al mundo Astral con plena confianza y garant\u00edas Los cursos tendr\u00e1n una duraci\u00f3n de un mes completo, se &hellip; <\/p>\n<p class=\"link-more\"><a href=\"https:\/\/astralisescuela.com\/?page_id=134\" class=\"more-link\">Continuar leyendo<span class=\"screen-reader-text\"> \u00abCursos Online\u00bb<\/span><\/a><\/p>\n","protected":false},"author":1,"featured_media":63,"parent":0,"menu_order":0,"comment_status":"closed","ping_status":"closed","template":"","meta":{"om_disable_all_campaigns":false,"_monsterinsights_skip_tracking":false,"_monsterinsights_sitenote_active":false,"_monsterinsights_sitenote_note":"","_monsterinsights_sitenote_category":0,"footnotes":""},"class_list":["post-134","page","type-page","status-publish","has-post-thumbnail","hentry"],"aioseo_notices":[],"_links":{"self":[{"href":"https:\/\/astralisescuela.com\/index.php?rest_route=\/wp\/v2\/pages\/134","targetHints":{"allow":["GET"]}}],"collection":[{"href":"https:\/\/astralisescuela.com\/index.php?rest_route=\/wp\/v2\/pages"}],"about":[{"href":"https:\/\/astralisescuela.com\/index.php?rest_route=\/wp\/v2\/types\/page"}],"author":[{"embeddable":true,"href":"https:\/\/astralisescuela.com\/index.php?rest_route=\/wp\/v2\/users\/1"}],"replies":[{"embeddable":true,"href":"https:\/\/astralisescuela.com\/index.php?rest_route=%2Fwp%2Fv2%2Fcomments&post=134"}],"version-history":[{"count":3,"href":"https:\/\/astralisescuela.com\/index.php?rest_route=\/wp\/v2\/pages\/134\/revisions"}],"predecessor-version":[{"id":188,"href":"https:\/\/astralisescuela.com\/index.php?rest_route=\/wp\/v2\/pages\/134\/revisions\/188"}],"wp:featuredmedia":[{"embeddable":true,"href":"https:\/\/astralisescuela.com\/index.php?rest_route=\/wp\/v2\/media\/63"}],"wp:attachment":[{"href":"https:\/\/astralisescuela.com\/index.php?rest_route=%2Fwp%2Fv2%2Fmedia&parent=134"}],"curies":[{"name":"wp","href":"https:\/\/api.w.org\/{rel}","templated":true}]}}