{"id":159,"date":"2021-09-02T23:02:52","date_gmt":"2021-09-02T21:02:52","guid":{"rendered":"https:\/\/astralisescuela.com\/?page_id=159"},"modified":"2023-09-10T11:32:41","modified_gmt":"2023-09-10T09:32:41","slug":"consultas","status":"publish","type":"page","link":"https:\/\/astralisescuela.com\/?page_id=159","title":{"rendered":"Consultas"},"content":{"rendered":"\n<p>Desde aqu\u00ed podr\u00e1s reservar una consulta privada con Manuel.<\/p>\n\n\n\n<p>Si tienes par\u00e1lisis del sue\u00f1o que se hace muy molesta y quieres aprender a salir de ella<\/p>\n\n\n\n<p>Si por el contrario te animas a aventurarte a adentrarte en ese maravilloso universo interior que todos tenemos, desde la par\u00e1lisis del sue\u00f1o se puede acceder de manera muy sencilla al viaje Astral, aqu\u00ed te explicamos c\u00f3mo hacerlo<\/p>\n\n\n\n<p>Si tienes o has tenido sensaciones, en medio de la noche, justo cuando te vas a dormir o te despiertas, tales como sonidos, m\u00fasica, voces, ruidos o son sensaciones t\u00e1ctiles, de peso en la cama o sobre el pecho, o si son visuales de notar alg\u00fan tipo de presencia puedes consultarnos.<\/p>\n\n\n\n<p>Si te inquietan estas cosas desde ya te decimos que son naturales y sabemos que asustan, pero gran parte de ese miedo viene por el desconocimiento de muchas de las caracter\u00edsticas que se dan en el espacio intermedio entre la vigilia y el sue\u00f1o (duermevela o dormitar) <\/p>\n\n\n\n<p>Podemos asesorarte, para as\u00ed vencer esos fen\u00f3menos que en su inmensa mayor\u00eda son malas interpretaciones de nuestra mente.<\/p>\n\n\n\n<p>Solicita una sesi\u00f3n y te ayudaremos a superarlos y qui\u00e9n sabe si a abrir tu mundo interior que tantas maravillas esconde y est\u00e1n para que las descubramos y nos ayuden a crecer y adquirir un profundo conocimiento de nosotros mismos<\/p>\n\n\n\n<p>Manuel ha pasado por estas situaciones desde que era un ni\u00f1o y sabe lo que es y c\u00f3mo se puede afrontar para superarlo. No tienes que pasar por ah\u00ed si no quieres<\/p>\n\n\n\n<p>La consulta se realizar\u00e1 en video llamada en directo con Manuel el d\u00eda que acord\u00e9is<\/p>\n\n\n\n<p>Duraci\u00f3n aproximada 1 hora<\/p>\n\n\n\n<p><\/p>\n\n\n\n<figure class=\"wp-block-image size-large\"><img loading=\"lazy\" decoding=\"async\" width=\"1024\" height=\"683\" src=\"https:\/\/astralisescuela.com\/wp-content\/uploads\/2021\/07\/clouds-5395398-1024x683.jpg\" alt=\"\" class=\"wp-image-61\" srcset=\"https:\/\/astralisescuela.com\/wp-content\/uploads\/2021\/07\/clouds-5395398-1024x683.jpg 1024w, https:\/\/astralisescuela.com\/wp-content\/uploads\/2021\/07\/clouds-5395398-300x200.jpg 300w, https:\/\/astralisescuela.com\/wp-content\/uploads\/2021\/07\/clouds-5395398-768x512.jpg 768w, https:\/\/astralisescuela.com\/wp-content\/uploads\/2021\/07\/clouds-5395398-1536x1025.jpg 1536w, https:\/\/astralisescuela.com\/wp-content\/uploads\/2021\/07\/clouds-5395398-2048x1366.jpg 2048w\" sizes=\"auto, (max-width: 767px) 89vw, (max-width: 1000px) 54vw, (max-width: 1071px) 543px, 580px\" \/><\/figure>\n","protected":false},"excerpt":{"rendered":"<p>Desde aqu\u00ed podr\u00e1s reservar una consulta privada con Manuel. Si tienes par\u00e1lisis del sue\u00f1o que se hace muy molesta y quieres aprender a salir de ella Si por el contrario te animas a aventurarte a adentrarte en ese maravilloso universo interior que todos tenemos, desde la par\u00e1lisis del sue\u00f1o se puede acceder de manera muy &hellip; <\/p>\n<p class=\"link-more\"><a href=\"https:\/\/astralisescuela.com\/?page_id=159\" class=\"more-link\">Continuar leyendo<span class=\"screen-reader-text\"> \u00abConsultas\u00bb<\/span><\/a><\/p>\n","protected":false},"author":1,"featured_media":75,"parent":0,"menu_order":0,"comment_status":"closed","ping_status":"closed","template":"","meta":{"om_disable_all_campaigns":false,"_monsterinsights_skip_tracking":false,"_monsterinsights_sitenote_active":false,"_monsterinsights_sitenote_note":"","_monsterinsights_sitenote_category":0,"footnotes":""},"class_list":["post-159","page","type-page","status-publish","has-post-thumbnail","hentry"],"aioseo_notices":[],"_links":{"self":[{"href":"https:\/\/astralisescuela.com\/index.php?rest_route=\/wp\/v2\/pages\/159","targetHints":{"allow":["GET"]}}],"collection":[{"href":"https:\/\/astralisescuela.com\/index.php?rest_route=\/wp\/v2\/pages"}],"about":[{"href":"https:\/\/astralisescuela.com\/index.php?rest_route=\/wp\/v2\/types\/page"}],"author":[{"embeddable":true,"href":"https:\/\/astralisescuela.com\/index.php?rest_route=\/wp\/v2\/users\/1"}],"replies":[{"embeddable":true,"href":"https:\/\/astralisescuela.com\/index.php?rest_route=%2Fwp%2Fv2%2Fcomments&post=159"}],"version-history":[{"count":5,"href":"https:\/\/astralisescuela.com\/index.php?rest_route=\/wp\/v2\/pages\/159\/revisions"}],"predecessor-version":[{"id":191,"href":"https:\/\/astralisescuela.com\/index.php?rest_route=\/wp\/v2\/pages\/159\/revisions\/191"}],"wp:featuredmedia":[{"embeddable":true,"href":"https:\/\/astralisescuela.com\/index.php?rest_route=\/wp\/v2\/media\/75"}],"wp:attachment":[{"href":"https:\/\/astralisescuela.com\/index.php?rest_route=%2Fwp%2Fv2%2Fmedia&parent=159"}],"curies":[{"name":"wp","href":"https:\/\/api.w.org\/{rel}","templated":true}]}}