{"id":17,"date":"2021-07-08T13:33:40","date_gmt":"2021-07-08T11:33:40","guid":{"rendered":"https:\/\/astralisescuela.com\/?page_id=17"},"modified":"2021-09-15T12:58:24","modified_gmt":"2021-09-15T10:58:24","slug":"home","status":"publish","type":"page","link":"https:\/\/astralisescuela.com\/","title":{"rendered":"Inicio"},"content":{"rendered":"\n<p> La escuela de  viajes astrales y de sue\u00f1os l\u00facidos.<\/p>\n\n\n\n<p>Astralis nace con la intenci\u00f3n de poner a vuestra disposici\u00f3n mediante cursos presenciales y on-line todas las herramientas necesarias para recuperar el poder de conexi\u00f3n con el mundo Astral.<\/p>\n\n\n\n<p>Un poder que todos tenemos desde que \u00e9ramos unos ni\u00f1os, pero que con el tiempo se ha ido perdiendo, olvidando por falta de un entrenamiento espec\u00edfico que nos permita mantener viva esa conexi\u00f3n con nuestro universo interno que es nuestro subconsciente<\/p>\n\n\n\n<p><\/p>\n\n\n\n<p>En la escuela hemos dise\u00f1ado un sistema de pr\u00e1cticas y conocimientos avanzados creados por Manuel Alcaraz Paterna (Manu Paterna) que ha ido recopilando a trav\u00e9s de los a\u00f1os de sus propias experiencias.<\/p>\n\n\n\n<p>Desde una comprensi\u00f3n l\u00f3gica del fen\u00f3meno natural de los estados alterados de conciencia que se dan en barrera entre el sue\u00f1o y la vigilia he podido constatar una serie de pautas comunes y aplicables por todos nosotros.<\/p>\n\n\n\n<p>Estas pautas son innatas en todo ser humano y con un debido entrenamiento y dedicaci\u00f3n podemos recuperar ese Don que todos poseemos pero desgraciadamente hemos olvidado<\/p>\n\n\n\n<p>Con un m\u00e9todo profundamente estudiado os proponemos un acceso controlado a vuestro ser interno a trav\u00e9s de las emociones.<\/p>\n\n\n\n<p>Las emociones son la fuente de energ\u00eda que retroalimenta el universo<\/p>\n\n\n\n<p>Aprenderemos a reconocer esta energ\u00eda, manejarla a voluntad y a redirigirla para emplearla en desdoblamientos conscientes, que nos permitir\u00e1 conocernos a nosotros mismos, al universo y a los mismos Dioses<\/p>\n\n\n\n<p class=\"has-medium-font-size\"><em>Todos somos potenciales viajeros, el problema es que lo hemos olvidado.<\/em><\/p>\n","protected":false},"excerpt":{"rendered":"<p>La escuela de viajes astrales y de sue\u00f1os l\u00facidos. Astralis nace con la intenci\u00f3n de poner a vuestra disposici\u00f3n mediante cursos presenciales y on-line todas las herramientas necesarias para recuperar el poder de conexi\u00f3n con el mundo Astral. Un poder que todos tenemos desde que \u00e9ramos unos ni\u00f1os, pero que con el tiempo se ha &hellip; <\/p>\n<p class=\"link-more\"><a href=\"https:\/\/astralisescuela.com\/\" class=\"more-link\">Continuar leyendo<span class=\"screen-reader-text\"> \u00abInicio\u00bb<\/span><\/a><\/p>\n","protected":false},"author":1,"featured_media":24,"parent":0,"menu_order":1,"comment_status":"closed","ping_status":"closed","template":"","meta":{"om_disable_all_campaigns":true,"_monsterinsights_skip_tracking":false,"_monsterinsights_sitenote_active":false,"_monsterinsights_sitenote_note":"","_monsterinsights_sitenote_category":0,"footnotes":""},"class_list":["post-17","page","type-page","status-publish","has-post-thumbnail","hentry"],"aioseo_notices":[],"_links":{"self":[{"href":"https:\/\/astralisescuela.com\/index.php?rest_route=\/wp\/v2\/pages\/17","targetHints":{"allow":["GET"]}}],"collection":[{"href":"https:\/\/astralisescuela.com\/index.php?rest_route=\/wp\/v2\/pages"}],"about":[{"href":"https:\/\/astralisescuela.com\/index.php?rest_route=\/wp\/v2\/types\/page"}],"author":[{"embeddable":true,"href":"https:\/\/astralisescuela.com\/index.php?rest_route=\/wp\/v2\/users\/1"}],"replies":[{"embeddable":true,"href":"https:\/\/astralisescuela.com\/index.php?rest_route=%2Fwp%2Fv2%2Fcomments&post=17"}],"version-history":[{"count":6,"href":"https:\/\/astralisescuela.com\/index.php?rest_route=\/wp\/v2\/pages\/17\/revisions"}],"predecessor-version":[{"id":171,"href":"https:\/\/astralisescuela.com\/index.php?rest_route=\/wp\/v2\/pages\/17\/revisions\/171"}],"wp:featuredmedia":[{"embeddable":true,"href":"https:\/\/astralisescuela.com\/index.php?rest_route=\/wp\/v2\/media\/24"}],"wp:attachment":[{"href":"https:\/\/astralisescuela.com\/index.php?rest_route=%2Fwp%2Fv2%2Fmedia&parent=17"}],"curies":[{"name":"wp","href":"https:\/\/api.w.org\/{rel}","templated":true}]}}