{"id":174,"date":"2021-12-29T10:05:57","date_gmt":"2021-12-29T09:05:57","guid":{"rendered":"https:\/\/astralisescuela.com\/?page_id=174"},"modified":"2021-12-29T10:08:16","modified_gmt":"2021-12-29T09:08:16","slug":"libro-de-manu-paterna-de-viajes-astrales","status":"publish","type":"page","link":"https:\/\/astralisescuela.com\/?page_id=174","title":{"rendered":"Libro de Manu Paterna de Viajes Astrales"},"content":{"rendered":"\n<figure class=\"wp-block-image size-large\"><a href=\"https:\/\/www.amazon.es\/dp\/B08P3QTLZX\"><img decoding=\"async\" src=\"https:\/\/images-na.ssl-images-amazon.com\/images\/I\/51ivv1ZR3IL._SX331_BO1,204,203,200_.jpg\" alt=\"\"\/><\/a><\/figure>\n\n\n\n<p>Nuevo libro de Manu Paterna \u00abAventuras y desventuras de un loco en el Astral\u00bb<\/p>\n\n\n\n<p>Disponible en Amazon Libros, versi\u00f3n papel tapa blanda y tambi\u00e9n en formato digital descargable<\/p>\n\n\n\n<p>50 a\u00f1os de experiencias en el mundo Astral<\/p>\n\n\n\n<p>Incre\u00edbles aventuras y desventuras del autor que nos dan una idea de ese inmenso universo que tenemos al alcance de la mano justo aqu\u00ed al lado nuestro<\/p>\n\n\n\n<p>Desde un punto de vista objetivo y sincero<\/p>\n\n\n\n<p>No te lo pierdas<\/p>\n\n\n\n<p><\/p>\n","protected":false},"excerpt":{"rendered":"<p>Nuevo libro de Manu Paterna \u00abAventuras y desventuras de un loco en el Astral\u00bb Disponible en Amazon Libros, versi\u00f3n papel tapa blanda y tambi\u00e9n en formato digital descargable 50 a\u00f1os de experiencias en el mundo Astral Incre\u00edbles aventuras y desventuras del autor que nos dan una idea de ese inmenso universo que tenemos al alcance &hellip; <\/p>\n<p class=\"link-more\"><a href=\"https:\/\/astralisescuela.com\/?page_id=174\" class=\"more-link\">Continuar leyendo<span class=\"screen-reader-text\"> \u00abLibro de Manu Paterna de Viajes Astrales\u00bb<\/span><\/a><\/p>\n","protected":false},"author":1,"featured_media":0,"parent":0,"menu_order":0,"comment_status":"closed","ping_status":"closed","template":"","meta":{"om_disable_all_campaigns":false,"_monsterinsights_skip_tracking":false,"_monsterinsights_sitenote_active":false,"_monsterinsights_sitenote_note":"","_monsterinsights_sitenote_category":0,"footnotes":""},"class_list":["post-174","page","type-page","status-publish","hentry"],"aioseo_notices":[],"_links":{"self":[{"href":"https:\/\/astralisescuela.com\/index.php?rest_route=\/wp\/v2\/pages\/174","targetHints":{"allow":["GET"]}}],"collection":[{"href":"https:\/\/astralisescuela.com\/index.php?rest_route=\/wp\/v2\/pages"}],"about":[{"href":"https:\/\/astralisescuela.com\/index.php?rest_route=\/wp\/v2\/types\/page"}],"author":[{"embeddable":true,"href":"https:\/\/astralisescuela.com\/index.php?rest_route=\/wp\/v2\/users\/1"}],"replies":[{"embeddable":true,"href":"https:\/\/astralisescuela.com\/index.php?rest_route=%2Fwp%2Fv2%2Fcomments&post=174"}],"version-history":[{"count":3,"href":"https:\/\/astralisescuela.com\/index.php?rest_route=\/wp\/v2\/pages\/174\/revisions"}],"predecessor-version":[{"id":177,"href":"https:\/\/astralisescuela.com\/index.php?rest_route=\/wp\/v2\/pages\/174\/revisions\/177"}],"wp:attachment":[{"href":"https:\/\/astralisescuela.com\/index.php?rest_route=%2Fwp%2Fv2%2Fmedia&parent=174"}],"curies":[{"name":"wp","href":"https:\/\/api.w.org\/{rel}","templated":true}]}}