{"id":18,"date":"2021-07-07T12:35:05","date_gmt":"2021-07-07T12:35:05","guid":{"rendered":"https:\/\/astralisescuela.com\/?page_id=18"},"modified":"2021-07-08T13:16:13","modified_gmt":"2021-07-08T11:16:13","slug":"about","status":"publish","type":"page","link":"https:\/\/astralisescuela.com\/?page_id=18","title":{"rendered":"Acerca De"},"content":{"rendered":"\n<figure class=\"wp-block-image size-large is-resized is-style-rounded\"><img loading=\"lazy\" decoding=\"async\" src=\"https:\/\/astralisescuela.com\/wp-content\/uploads\/2021\/07\/DSC_0086-1024x683.jpg\" alt=\"\" class=\"wp-image-58\" width=\"529\" height=\"352\" srcset=\"https:\/\/astralisescuela.com\/wp-content\/uploads\/2021\/07\/DSC_0086-1024x683.jpg 1024w, https:\/\/astralisescuela.com\/wp-content\/uploads\/2021\/07\/DSC_0086-300x200.jpg 300w, https:\/\/astralisescuela.com\/wp-content\/uploads\/2021\/07\/DSC_0086-768x512.jpg 768w, https:\/\/astralisescuela.com\/wp-content\/uploads\/2021\/07\/DSC_0086-1536x1024.jpg 1536w, https:\/\/astralisescuela.com\/wp-content\/uploads\/2021\/07\/DSC_0086-2048x1365.jpg 2048w\" sizes=\"auto, (max-width: 529px) 100vw, 529px\" \/><figcaption>Manuel Alcaraz Paterna, director de la escuela Astralis<\/figcaption><\/figure>\n\n\n\n<p>Manuel naci\u00f3 con ese don de manera natural desde bien peque\u00f1o, aunque al principio \u00e9l lo consideraba un infortunio, los desdoblamientos se produc\u00edan en infinidad de noches.<\/p>\n\n\n\n<p>Manuel convivi\u00f3 con este fen\u00f3meno toda su vida, para \u00e9l supon\u00eda un incordio ya que le produc\u00eda incomodidad y en innumerables ocasiones la conocida par\u00e1lisis del sue\u00f1o.<\/p>\n\n\n\n<p>Fue al cabo de los a\u00f1os cuando asoci\u00f3 este fen\u00f3meno con los viajes Astrales e inici\u00f3 una larga investigaci\u00f3n acerca de ambas modalidades. Fue recopilando informaci\u00f3n acerca de estas habilidades y comenz\u00f3 a comprender qu\u00e9 eran.<\/p>\n\n\n\n<p>Fue as\u00ed como pudo dominar y superar sus miedos e indagar e integrar en su cotidianidad esos mundos alternativos, que se ocultan en nuestro interior y de esa manera descubri\u00f3 que todos tenemos esa capacidad innata desde la infancia<\/p>\n\n\n\n<p>En los cursos de Astralis Manuel ha ideado unas pautas para que podamos recuperar lo que \u00e9l denomina \u201cEl ni\u00f1o interno\u201d que posee la capacidad del desdoblamiento de manera natural.<\/p>\n\n\n\n<p><em>Todos somos potenciales viajeros, el problema es que lo hemos olvidado.<\/em><\/p>\n\n\n\n<p><\/p>\n","protected":false},"excerpt":{"rendered":"<p>Manuel naci\u00f3 con ese don de manera natural desde bien peque\u00f1o, aunque al principio \u00e9l lo consideraba un infortunio, los desdoblamientos se produc\u00edan en infinidad de noches. Manuel convivi\u00f3 con este fen\u00f3meno toda su vida, para \u00e9l supon\u00eda un incordio ya que le produc\u00eda incomodidad y en innumerables ocasiones la conocida par\u00e1lisis del sue\u00f1o. Fue &hellip; <\/p>\n<p class=\"link-more\"><a href=\"https:\/\/astralisescuela.com\/?page_id=18\" class=\"more-link\">Continuar leyendo<span class=\"screen-reader-text\"> \u00abAcerca De\u00bb<\/span><\/a><\/p>\n","protected":false},"author":1,"featured_media":85,"parent":0,"menu_order":0,"comment_status":"closed","ping_status":"closed","template":"","meta":{"om_disable_all_campaigns":false,"_monsterinsights_skip_tracking":false,"_monsterinsights_sitenote_active":false,"_monsterinsights_sitenote_note":"","_monsterinsights_sitenote_category":0,"footnotes":""},"class_list":["post-18","page","type-page","status-publish","has-post-thumbnail","hentry"],"aioseo_notices":[],"_links":{"self":[{"href":"https:\/\/astralisescuela.com\/index.php?rest_route=\/wp\/v2\/pages\/18","targetHints":{"allow":["GET"]}}],"collection":[{"href":"https:\/\/astralisescuela.com\/index.php?rest_route=\/wp\/v2\/pages"}],"about":[{"href":"https:\/\/astralisescuela.com\/index.php?rest_route=\/wp\/v2\/types\/page"}],"author":[{"embeddable":true,"href":"https:\/\/astralisescuela.com\/index.php?rest_route=\/wp\/v2\/users\/1"}],"replies":[{"embeddable":true,"href":"https:\/\/astralisescuela.com\/index.php?rest_route=%2Fwp%2Fv2%2Fcomments&post=18"}],"version-history":[{"count":2,"href":"https:\/\/astralisescuela.com\/index.php?rest_route=\/wp\/v2\/pages\/18\/revisions"}],"predecessor-version":[{"id":60,"href":"https:\/\/astralisescuela.com\/index.php?rest_route=\/wp\/v2\/pages\/18\/revisions\/60"}],"wp:featuredmedia":[{"embeddable":true,"href":"https:\/\/astralisescuela.com\/index.php?rest_route=\/wp\/v2\/media\/85"}],"wp:attachment":[{"href":"https:\/\/astralisescuela.com\/index.php?rest_route=%2Fwp%2Fv2%2Fmedia&parent=18"}],"curies":[{"name":"wp","href":"https:\/\/api.w.org\/{rel}","templated":true}]}}