{"id":21,"date":"2021-07-07T12:35:05","date_gmt":"2021-07-07T12:35:05","guid":{"rendered":"https:\/\/astralisescuela.com\/?page_id=21"},"modified":"2021-07-07T21:58:55","modified_gmt":"2021-07-07T19:58:55","slug":"a-homepage-section","status":"publish","type":"page","link":"https:\/\/astralisescuela.com\/?page_id=21","title":{"rendered":"Con\u00f3cete a ti mismo"},"content":{"rendered":"\n<p>En el templo de Apolo en Delfos Con\u00f3cete a ti mismo\u201d<\/p>\n\n\n\n<p>la frase que corona su dintel reza:<\/p>\n\n\n\n<p><em>\u00abTe advierto, quienquiera que fueres t\u00fa, que deseas sondear los arcanos de la naturaleza, que si no hallas dentro de ti mismo aquello que buscas, tampoco podr\u00e1s hallarlo fuera. Si t\u00fa ignoras las excelencias de tu propia casa, \u00bfc\u00f3mo pretendes encontrar otras excelencias? En ti se halla oculto el Tesoro de los Tesoros. Hombre, con\u00f3cete a ti mismo y conocer\u00e1s el universo y a los dioses\u00bb.<\/em><\/p>\n\n\n\n<p><\/p>\n\n\n\n<figure class=\"wp-block-image size-large is-resized\"><img loading=\"lazy\" decoding=\"async\" src=\"https:\/\/astralisescuela.com\/wp-content\/uploads\/2021\/07\/nosceteipsum.jpg\" alt=\"\" class=\"wp-image-46\" width=\"572\" height=\"355\" srcset=\"https:\/\/astralisescuela.com\/wp-content\/uploads\/2021\/07\/nosceteipsum.jpg 400w, https:\/\/astralisescuela.com\/wp-content\/uploads\/2021\/07\/nosceteipsum-300x186.jpg 300w\" sizes=\"auto, (max-width: 572px) 100vw, 572px\" \/><\/figure>\n","protected":false},"excerpt":{"rendered":"<p>En el templo de Apolo en Delfos Con\u00f3cete a ti mismo\u201d la frase que corona su dintel reza: \u00abTe advierto, quienquiera que fueres t\u00fa, que deseas sondear los arcanos de la naturaleza, que si no hallas dentro de ti mismo aquello que buscas, tampoco podr\u00e1s hallarlo fuera. Si t\u00fa ignoras las excelencias de tu propia &hellip; <\/p>\n<p class=\"link-more\"><a href=\"https:\/\/astralisescuela.com\/?page_id=21\" class=\"more-link\">Continuar leyendo<span class=\"screen-reader-text\"> \u00abCon\u00f3cete a ti mismo\u00bb<\/span><\/a><\/p>\n","protected":false},"author":1,"featured_media":41,"parent":0,"menu_order":0,"comment_status":"closed","ping_status":"closed","template":"","meta":{"om_disable_all_campaigns":false,"_monsterinsights_skip_tracking":false,"_monsterinsights_sitenote_active":false,"_monsterinsights_sitenote_note":"","_monsterinsights_sitenote_category":0,"footnotes":""},"class_list":["post-21","page","type-page","status-publish","has-post-thumbnail","hentry"],"aioseo_notices":[],"_links":{"self":[{"href":"https:\/\/astralisescuela.com\/index.php?rest_route=\/wp\/v2\/pages\/21","targetHints":{"allow":["GET"]}}],"collection":[{"href":"https:\/\/astralisescuela.com\/index.php?rest_route=\/wp\/v2\/pages"}],"about":[{"href":"https:\/\/astralisescuela.com\/index.php?rest_route=\/wp\/v2\/types\/page"}],"author":[{"embeddable":true,"href":"https:\/\/astralisescuela.com\/index.php?rest_route=\/wp\/v2\/users\/1"}],"replies":[{"embeddable":true,"href":"https:\/\/astralisescuela.com\/index.php?rest_route=%2Fwp%2Fv2%2Fcomments&post=21"}],"version-history":[{"count":2,"href":"https:\/\/astralisescuela.com\/index.php?rest_route=\/wp\/v2\/pages\/21\/revisions"}],"predecessor-version":[{"id":52,"href":"https:\/\/astralisescuela.com\/index.php?rest_route=\/wp\/v2\/pages\/21\/revisions\/52"}],"wp:featuredmedia":[{"embeddable":true,"href":"https:\/\/astralisescuela.com\/index.php?rest_route=\/wp\/v2\/media\/41"}],"wp:attachment":[{"href":"https:\/\/astralisescuela.com\/index.php?rest_route=%2Fwp%2Fv2%2Fmedia&parent=21"}],"curies":[{"name":"wp","href":"https:\/\/api.w.org\/{rel}","templated":true}]}}